{"id":1159,"date":"2022-09-14T22:33:16","date_gmt":"2022-09-14T20:33:16","guid":{"rendered":"https:\/\/queensleep.eu\/fr\/?post_type=product&#038;p=1159"},"modified":"2025-04-01T12:06:33","modified_gmt":"2025-04-01T10:06:33","slug":"loreiller-anti-rides-qrown-avec-taie-doreiller-en-coton","status":"publish","type":"product","link":"https:\/\/queensleep.eu\/fr\/product\/loreiller-anti-rides-qrown-avec-taie-doreiller-en-coton\/","title":{"rendered":"L\u2019Oreiller anti-rides Qrown avec taie d\u2019oreiller en coton"},"content":{"rendered":"<p lang=\"fr-FR\">Qrown est un oreiller anti-\u00e2ge qui a une forme unique, gr\u00e2ce \u00e0 laquelle il combat les plis de la peau du visage pendant le sommeil et les poches matinales.<\/p>\n<p lang=\"fr-FR\">La forme unique de l\u2019oreiller assure un sommeil confortable et aide \u00e0 \u00e9viter l\u2019apparition de rides du sommeil sur le visage. Des \u00e9videments sp\u00e9ciaux sur les c\u00f4t\u00e9s de l\u2019oreiller \u00e9vitent de serrer la peau pendant que vous dormez sur le c\u00f4t\u00e9. Une petite indentation au centre rendra le sommeil sur le dos particuli\u00e8rement confortable.<\/p>\n<p lang=\"fr-FR\">Un petit traversin au bas de l\u2019oreiller soutient le cou. La position correcte du cou permet une meilleure circulation sanguine et lymphatique. La partie sup\u00e9rieure de l\u2019oreiller est plus grande et plus haute, cr\u00e9ant une l\u00e9g\u00e8re diff\u00e9rence de hauteur entre la couronne et le menton, ce qui emp\u00eache le gonflement matinal du visage. L\u2019oreiller Qrown est con\u00e7u pour faire briller votre peau le matin.<\/p>\n<p lang=\"fr-FR\">L\u2019oreiller est fait de mousse \u00e0 m\u00e9moire de forme qui s\u2019adapte \u00e0 la forme du visage et du cou, donc dormir sur l\u2019oreiller Qrown est sain et confortable. La mousse m\u00e9moire est un mat\u00e9riau hypoallerg\u00e9nique qui n\u2019accumule pas la poussi\u00e8re, les bact\u00e9ries et les acariens. L`oreiller est respirant et aide \u00e0 maintenir une temp\u00e9rature optimale gr\u00e2ce \u00e0 sa structure poreuse.<\/p>\n<p lang=\"fr-FR\">L\u2019oreiller est livr\u00e9 avec une taie d\u2019oreiller en coton et des instructions d\u2019utilisation.<\/p>\n<p lang=\"fr-FR\">Le mat\u00e9riau dont est faite la base de l\u2019oreiller est de la mousse \u00e0 m\u00e9moire de forme.<\/p>\n<p lang=\"fr-FR\">La taie d\u2019oreiller est en 100% coton.<\/p>\n<p lang=\"fr-FR\"><strong>L\u2019oreiller de beaut\u00e9 est <span lang=\"fr-FR\">fabriqu\u00e9 en Pologne. Toutes les commandes sont \u00e9galement exp\u00e9di\u00e9es depuis la Pologne.<\/span><\/strong><\/p>\n<p><strong>Livraison gratuite \u00e0 travers la France m\u00e9tropolitaine et les pays de l&rsquo;UE.<\/strong><\/p>\n<p lang=\"fr-FR\">Poids de l\u2019oreiller \u2013 840g<\/p>\n<p lang=\"fr-FR\">Taille de l\u2019oreiller \u2013 53x34x12cm<\/p>\n<p lang=\"fr-FR\">Garantie : 2 ans<\/p>\n<p lang=\"fr-FR\">Garantie taie d\u2019oreiller : 6 mois<\/p>\n","protected":false},"excerpt":{"rendered":"<p>Qrown est un oreiller anti-\u00e2ge qui a une forme unique, gr\u00e2ce \u00e0 laquelle il combat les plis de la peau du visage pendant le sommeil et<span class=\"excerpt-hellip\"> [\u2026]<\/span><\/p>\n","protected":false},"featured_media":1164,"template":"","meta":[],"product_brand":[],"product_cat":[93],"product_tag":[],"class_list":{"0":"post-1159","1":"product","2":"type-product","3":"status-publish","4":"has-post-thumbnail","6":"product_cat-loreiller-anti-rides-et-taies-doreiller","8":"first","9":"instock","10":"sale","11":"featured","12":"taxable","13":"shipping-taxable","14":"purchasable","15":"product-type-simple"},"_links":{"self":[{"href":"https:\/\/queensleep.eu\/fr\/wp-json\/wp\/v2\/product\/1159","targetHints":{"allow":["GET"]}}],"collection":[{"href":"https:\/\/queensleep.eu\/fr\/wp-json\/wp\/v2\/product"}],"about":[{"href":"https:\/\/queensleep.eu\/fr\/wp-json\/wp\/v2\/types\/product"}],"wp:featuredmedia":[{"embeddable":true,"href":"https:\/\/queensleep.eu\/fr\/wp-json\/wp\/v2\/media\/1164"}],"wp:attachment":[{"href":"https:\/\/queensleep.eu\/fr\/wp-json\/wp\/v2\/media?parent=1159"}],"wp:term":[{"taxonomy":"product_brand","embeddable":true,"href":"https:\/\/queensleep.eu\/fr\/wp-json\/wp\/v2\/product_brand?post=1159"},{"taxonomy":"product_cat","embeddable":true,"href":"https:\/\/queensleep.eu\/fr\/wp-json\/wp\/v2\/product_cat?post=1159"},{"taxonomy":"product_tag","embeddable":true,"href":"https:\/\/queensleep.eu\/fr\/wp-json\/wp\/v2\/product_tag?post=1159"}],"curies":[{"name":"wp","href":"https:\/\/api.w.org\/{rel}","templated":true}]}}