{"id":1686,"date":"2023-05-15T14:15:03","date_gmt":"2023-05-15T12:15:03","guid":{"rendered":"https:\/\/queensleep.eu\/fr\/?post_type=product&#038;p=1686"},"modified":"2025-02-26T16:15:44","modified_gmt":"2025-02-26T15:15:44","slug":"taie-doreiller-en-coton-qrown","status":"publish","type":"product","link":"https:\/\/queensleep.eu\/fr\/product\/taie-doreiller-en-coton-qrown\/","title":{"rendered":"Taie d&rsquo;oreiller en coton Qrown"},"content":{"rendered":"<section class=\"section mcb-section the_content has_content\">\n<div class=\"section_wrapper\">\n<div class=\"the_content_wrapper \">\n<div id=\"tab-description\" class=\"ui-tabs-panel ui-corner-bottom ui-widget-content\" role=\"tabpanel\" aria-labelledby=\"ui-id-1\" aria-hidden=\"false\">\n<p><span class=\"Linkify\">Nous vous recommandons d\u2019utiliser les taies d\u2019oreiller originales Qrown, qui sont coup\u00e9es et cousues sp\u00e9cifiquement pour \u00e9pouser la forme de l\u2019oreiller. En utilisant la taie d\u2019oreiller originale, vous augmentez son efficacit\u00e9.<\/span><\/p>\n<p><span class=\"HwtZe\" lang=\"fr\"><span class=\"jCAhz ChMk0b\"><span class=\"ryNqvb\">La taie d\u2019oreiller est en 100% coton.<\/span><\/span><\/span><\/p>\n<p><span class=\"HwtZe\" lang=\"fr\"><span class=\"jCAhz ChMk0b\"><span class=\"ryNqvb\">Les taies d\u2019oreiller en soie, comme tous les autres produits Qrown, sont fabriqu\u00e9es en Pologne.<\/span><\/span><\/span><\/p>\n<p><span class=\"HwtZe\" lang=\"fr\"><span class=\"jCAhz ChMk0b\"><span class=\"ryNqvb\">Toutes les commandes sont \u00e9galement exp\u00e9di\u00e9es depuis la Pologne.<\/span><\/span> <\/span><\/p>\n<p><strong>Livraison gratuite \u00e0 travers la France m\u00e9tropolitaine et les pays de l&rsquo;UE.<\/strong><\/p>\n<p>Garantie de la taie d\u2019oreiller : 6 mois<\/p>\n<\/div>\n<\/div>\n<\/div>\n<\/section>\n<p>&nbsp;<\/p>\n<p><span class=\"HwtZe\" lang=\"en\"><span class=\"jCAhz ChMk0b\"><span class=\"ryNqvb\">\u00a0<\/span><\/span><\/span><\/p>\n","protected":false},"excerpt":{"rendered":"<p>Nous vous recommandons d\u2019utiliser les taies d\u2019oreiller originales Qrown, qui sont coup\u00e9es et cousues sp\u00e9cifiquement pour \u00e9pouser la forme de l\u2019oreiller. En utilisant la taie d\u2019oreiller<span class=\"excerpt-hellip\"> [\u2026]<\/span><\/p>\n","protected":false},"featured_media":1688,"template":"","meta":[],"product_brand":[],"product_cat":[93],"product_tag":[],"class_list":{"0":"post-1686","1":"product","2":"type-product","3":"status-publish","4":"has-post-thumbnail","6":"product_cat-loreiller-anti-rides-et-taies-doreiller","8":"first","9":"instock","10":"taxable","11":"shipping-taxable","12":"purchasable","13":"product-type-simple"},"_links":{"self":[{"href":"https:\/\/queensleep.eu\/fr\/wp-json\/wp\/v2\/product\/1686","targetHints":{"allow":["GET"]}}],"collection":[{"href":"https:\/\/queensleep.eu\/fr\/wp-json\/wp\/v2\/product"}],"about":[{"href":"https:\/\/queensleep.eu\/fr\/wp-json\/wp\/v2\/types\/product"}],"wp:featuredmedia":[{"embeddable":true,"href":"https:\/\/queensleep.eu\/fr\/wp-json\/wp\/v2\/media\/1688"}],"wp:attachment":[{"href":"https:\/\/queensleep.eu\/fr\/wp-json\/wp\/v2\/media?parent=1686"}],"wp:term":[{"taxonomy":"product_brand","embeddable":true,"href":"https:\/\/queensleep.eu\/fr\/wp-json\/wp\/v2\/product_brand?post=1686"},{"taxonomy":"product_cat","embeddable":true,"href":"https:\/\/queensleep.eu\/fr\/wp-json\/wp\/v2\/product_cat?post=1686"},{"taxonomy":"product_tag","embeddable":true,"href":"https:\/\/queensleep.eu\/fr\/wp-json\/wp\/v2\/product_tag?post=1686"}],"curies":[{"name":"wp","href":"https:\/\/api.w.org\/{rel}","templated":true}]}}