{"id":1699,"date":"2023-05-17T13:16:23","date_gmt":"2023-05-17T11:16:23","guid":{"rendered":"https:\/\/queensleep.eu\/fr\/?post_type=product&#038;p=1699"},"modified":"2025-04-01T12:04:37","modified_gmt":"2025-04-01T10:04:37","slug":"loreiller-anti-rides-qrown-avec-taie-doreiller-en-soie","status":"publish","type":"product","link":"https:\/\/queensleep.eu\/fr\/product\/loreiller-anti-rides-qrown-avec-taie-doreiller-en-soie\/","title":{"rendered":"L\u2019Oreiller anti-rides Qrown avec taie d\u2019oreiller en soie"},"content":{"rendered":"<p><span lang=\"fr-FR\">Qrown est un oreiller qui r\u00e9sout le probl\u00e8me de pincement et d\u2019\u00e9tirement de la peau lors du sommeil sur le c\u00f4t\u00e9. De plus, gr\u00e2ce \u00e0 sa forme sp\u00e9ciale, l\u2019oreiller vous aide \u00e0 vous habituer \u00e0 dormir sur le dos et \u00e0 le faire plus longtemps et plus souvent.<\/span><\/p>\n<p><span lang=\"fr-FR\">Le mat\u00e9riau innovant Memory Foam, doux et d\u00e9licat, s\u2019adapte \u00e0 la forme de la t\u00eate et du visage, cr\u00e9ant un confort exceptionnel pendant le sommeil. La mousse est hypoallerg\u00e9nique, aucun acarien ne s\u2019y forme, la poussi\u00e8re et les bact\u00e9ries ne s\u2019y accumulent pas.<\/span><\/p>\n<p><span lang=\"fr-FR\">La forme unique combat les rides du sommeil, le gonflement matinal du visage, la douleur dans la colonne cervicale. L\u2019oreiller prot\u00e8ge \u00e9galement les cils \u00e9tendus contre les dommages.<\/span><\/p>\n<p><span lang=\"fr-FR\">La soie naturelle lisse dont est faite la taie d\u2019oreiller prend soin de la peau du visage et des cheveux. La soie est \u00e9galement un mat\u00e9riau hypoallerg\u00e9nique, recommand\u00e9 pour les personnes ayant des probl\u00e8mes de peau.<\/span><\/p>\n<p><span lang=\"fr-FR\">L\u2019ensemble comprend un oreiller, une taie d\u2019oreiller en soie et un manuel d\u2019instructions.<\/span><\/p>\n<p lang=\"fr-FR\"><span class=\"HwtZe\" lang=\"fr\"><span class=\"jCAhz ChMk0b\"><span class=\"ryNqvb\">La taie d&rsquo;oreiller Qrown est en soie de m\u00fbrier naturelle 22 momme de haute qualit\u00e9.<br \/>\n<\/span><\/span><\/span><\/p>\n<p><span lang=\"fr-FR\">Composition : 97% \u2013 soie, 3% \u2013 \u00e9lasthanne<\/span><\/p>\n<p><strong><span lang=\"fr-FR\">L\u2019oreiller de beaut\u00e9 est fabriqu\u00e9 en Pologne. Toutes les commandes sont \u00e9galement exp\u00e9di\u00e9es depuis la Pologne.<\/span><\/strong><\/p>\n<p><strong>Livraison gratuite \u00e0 travers la France m\u00e9tropolitaine et les pays de l&rsquo;UE.<\/strong><\/p>\n<p lang=\"fr-FR\">Poids de l\u2019oreiller \u2013 840gr<\/p>\n<p lang=\"fr-FR\">Dimensions de l\u2019oreiller \u2013 53x34x12cm<\/p>\n<p lang=\"fr-FR\">Garantie : 2 ans<\/p>\n<p lang=\"fr-FR\">Garantie taie d\u2019oreiller : 6 mois<\/p>\n","protected":false},"excerpt":{"rendered":"<p>Qrown est un oreiller qui r\u00e9sout le probl\u00e8me de pincement et d\u2019\u00e9tirement de la peau lors du sommeil sur le c\u00f4t\u00e9. De plus, gr\u00e2ce \u00e0 sa<span class=\"excerpt-hellip\"> [\u2026]<\/span><\/p>\n","protected":false},"featured_media":1707,"template":"","meta":[],"product_brand":[],"product_cat":[41,93],"product_tag":[],"class_list":{"0":"post-1699","1":"product","2":"type-product","3":"status-publish","4":"has-post-thumbnail","6":"product_cat-queensleep","7":"product_cat-loreiller-anti-rides-et-taies-doreiller","9":"first","10":"instock","11":"sale","12":"featured","13":"taxable","14":"shipping-taxable","15":"purchasable","16":"product-type-variable","17":"has-default-attributes","18":"rtwpvg-product"},"_links":{"self":[{"href":"https:\/\/queensleep.eu\/fr\/wp-json\/wp\/v2\/product\/1699","targetHints":{"allow":["GET"]}}],"collection":[{"href":"https:\/\/queensleep.eu\/fr\/wp-json\/wp\/v2\/product"}],"about":[{"href":"https:\/\/queensleep.eu\/fr\/wp-json\/wp\/v2\/types\/product"}],"wp:featuredmedia":[{"embeddable":true,"href":"https:\/\/queensleep.eu\/fr\/wp-json\/wp\/v2\/media\/1707"}],"wp:attachment":[{"href":"https:\/\/queensleep.eu\/fr\/wp-json\/wp\/v2\/media?parent=1699"}],"wp:term":[{"taxonomy":"product_brand","embeddable":true,"href":"https:\/\/queensleep.eu\/fr\/wp-json\/wp\/v2\/product_brand?post=1699"},{"taxonomy":"product_cat","embeddable":true,"href":"https:\/\/queensleep.eu\/fr\/wp-json\/wp\/v2\/product_cat?post=1699"},{"taxonomy":"product_tag","embeddable":true,"href":"https:\/\/queensleep.eu\/fr\/wp-json\/wp\/v2\/product_tag?post=1699"}],"curies":[{"name":"wp","href":"https:\/\/api.w.org\/{rel}","templated":true}]}}