{"id":1722,"date":"2023-05-17T15:02:36","date_gmt":"2023-05-17T13:02:36","guid":{"rendered":"https:\/\/queensleep.eu\/fr\/?post_type=product&#038;p=1722"},"modified":"2025-02-26T16:15:20","modified_gmt":"2025-02-26T15:15:20","slug":"taie-doreiller-en-soie-qrown","status":"publish","type":"product","link":"https:\/\/queensleep.eu\/fr\/product\/taie-doreiller-en-soie-qrown\/","title":{"rendered":"Taie d\u2019oreiller en soie Qrown"},"content":{"rendered":"<div id=\"tab-description\" class=\"ui-tabs-panel ui-corner-bottom ui-widget-content\" role=\"tabpanel\" aria-labelledby=\"ui-id-1\" aria-hidden=\"false\">\n<p><span class=\"Linkify\">Nous vous recommandons d\u2019utiliser les taies d\u2019oreiller originales Qrown, qui sont coup\u00e9es et cousues sp\u00e9cifiquement pour \u00e9pouser la forme de l\u2019oreiller. En utilisant la taie d\u2019oreiller originale, vous augmentez son efficacit\u00e9.<\/span><\/p>\n<p><span class=\"HwtZe\" lang=\"fr\"><span class=\"jCAhz ChMk0b\"><span class=\"ryNqvb\">La taie d&rsquo;oreiller est en soie de m\u00fbrier naturelle.<\/span><\/span> <span class=\"jCAhz ChMk0b\"><span class=\"ryNqvb\">La soie est hypoallerg\u00e9nique, n\u2019accumule pas la poussi\u00e8re et les bact\u00e9ries.<\/span><\/span> <span class=\"jCAhz ChMk0b\"><span class=\"ryNqvb\">La soie n\u2019absorbe pas non plus la cr\u00e8me et votre peau reste hydrat\u00e9e pendant toute la dur\u00e9e du sommeil.<\/span><\/span><\/span><\/p>\n<p><span class=\"HwtZe\" lang=\"fr\"><span class=\"jCAhz ChMk0b\"><span class=\"ryNqvb\">Les taies d\u2019oreiller en soie, comme tous les autres produits Qrown, sont fabriqu\u00e9es en Pologne.<\/span><\/span><\/span><\/p>\n<p><span class=\"HwtZe\" lang=\"fr\"><span class=\"jCAhz ChMk0b\"><span class=\"ryNqvb\">Toutes les commandes sont \u00e9galement exp\u00e9di\u00e9es depuis la Pologne.<\/span><\/span> <\/span><\/p>\n<p><strong>Livraison gratuite \u00e0 travers la France m\u00e9tropolitaine et les pays de l&rsquo;UE.<\/strong><\/p>\n<p><span class=\"HwtZe\" lang=\"fr\"><span class=\"jCAhz ChMk0b\"><span class=\"ryNqvb\">Composition : 97% \u2013 soie, 3% \u2013 \u00e9lasthanne<\/span><\/span><\/span>.<\/p>\n<p>Garantie de la taie d\u2019oreiller : 6 mois<\/p>\n<\/div>\n","protected":false},"excerpt":{"rendered":"<p>Nous vous recommandons d\u2019utiliser les taies d\u2019oreiller originales Qrown, qui sont coup\u00e9es et cousues sp\u00e9cifiquement pour \u00e9pouser la forme de l\u2019oreiller. En utilisant la taie d\u2019oreiller<span class=\"excerpt-hellip\"> [\u2026]<\/span><\/p>\n","protected":false},"featured_media":1727,"template":"","meta":[],"product_brand":[],"product_cat":[41,93],"product_tag":[],"class_list":{"0":"post-1722","1":"product","2":"type-product","3":"status-publish","4":"has-post-thumbnail","6":"product_cat-queensleep","7":"product_cat-loreiller-anti-rides-et-taies-doreiller","9":"first","10":"instock","11":"taxable","12":"shipping-taxable","13":"purchasable","14":"product-type-variable","15":"has-default-attributes","16":"rtwpvg-product"},"_links":{"self":[{"href":"https:\/\/queensleep.eu\/fr\/wp-json\/wp\/v2\/product\/1722","targetHints":{"allow":["GET"]}}],"collection":[{"href":"https:\/\/queensleep.eu\/fr\/wp-json\/wp\/v2\/product"}],"about":[{"href":"https:\/\/queensleep.eu\/fr\/wp-json\/wp\/v2\/types\/product"}],"wp:featuredmedia":[{"embeddable":true,"href":"https:\/\/queensleep.eu\/fr\/wp-json\/wp\/v2\/media\/1727"}],"wp:attachment":[{"href":"https:\/\/queensleep.eu\/fr\/wp-json\/wp\/v2\/media?parent=1722"}],"wp:term":[{"taxonomy":"product_brand","embeddable":true,"href":"https:\/\/queensleep.eu\/fr\/wp-json\/wp\/v2\/product_brand?post=1722"},{"taxonomy":"product_cat","embeddable":true,"href":"https:\/\/queensleep.eu\/fr\/wp-json\/wp\/v2\/product_cat?post=1722"},{"taxonomy":"product_tag","embeddable":true,"href":"https:\/\/queensleep.eu\/fr\/wp-json\/wp\/v2\/product_tag?post=1722"}],"curies":[{"name":"wp","href":"https:\/\/api.w.org\/{rel}","templated":true}]}}